{"id":526,"date":"2018-01-31T15:18:15","date_gmt":"2018-01-31T15:18:15","guid":{"rendered":"http:\/\/www.defryskeboerepream.nl\/wordpress\/?page_id=526"},"modified":"2018-01-31T15:23:17","modified_gmt":"2018-01-31T15:23:17","slug":"dispensaties","status":"publish","type":"page","link":"https:\/\/www.defryskeboerepream.nl\/?page_id=526","title":{"rendered":"Dispensaties"},"content":{"rendered":"<p><strong>Verleende dispensaties<\/strong><\/p>\n<p>In de ledenvergaderingen van 2016 zijn een aantal originaliteitseisen gewijzigd.<br \/>\nPramen die (nog) niet voldoen aan deze eisen kunnen dispensatie aanvragen bij het bestuur.<br \/>\nHieronder een overzicht van alle verleende en nog niet verlopen dispensaties.<\/p>\n\n<table id=\"tablepress-5\" class=\"tablepress tablepress-id-5\">\n<thead>\n<tr class=\"row-1\">\n\t<th class=\"column-1\">Datum<\/th><th class=\"column-2\">Praamnr.<\/th><th class=\"column-3\">Naam<\/th><th class=\"column-4\">Omschrijving dispensatie<\/th><th class=\"column-5\">Dispensatie verleend tot<\/th><th class=\"column-6\">Opmerking:<\/th>\n<\/tr>\n<\/thead>\n<tbody class=\"row-striping row-hover\">\n<tr class=\"row-2\">\n\t<td class=\"column-1\">07-12-2015<\/td><td class=\"column-2\">39<\/td><td class=\"column-3\">Gepke<\/td><td class=\"column-4\">Dispensatie om nog 1 jaar met het aluminium voordek te varen<\/td><td class=\"column-5\">31-12-2016<\/td><td class=\"column-6\"><\/td>\n<\/tr>\n<tr class=\"row-3\">\n\t<td class=\"column-1\">april 2016<br \/>\n<\/td><td class=\"column-2\">33<\/td><td class=\"column-3\">Lege Gean<br \/>\n<\/td><td class=\"column-4\">De zwaarden afwijkende vorm, afmeting en beslag t.o.v. wat de klassevoorschriften voorschrijven. Dispensatie is gevraagd voor de duur van 3 jaar.<\/td><td class=\"column-5\">31-12-2018<\/td><td class=\"column-6\"><\/td>\n<\/tr>\n<tr class=\"row-4\">\n\t<td class=\"column-1\">14 maart 2018<\/td><td class=\"column-2\">29<\/td><td class=\"column-3\">Gerrit-Ultjes<\/td><td class=\"column-4\">De f\u00eaststelde gewichten died inkelde preammen neffens de \u00e2lde mjittingen no ha en nei de weaging dit net mear hoege, meie der\u00fat, as de pream no yn it \u201crjochter rijtsje\u201d stiet. Dit jildend, meie de gewichten der\u00fat u.o. by pream nr. 29. Troch stimming f\u00eaststeld.<\/td><td class=\"column-5\">Oant pream 29 yn it 'linker rijtje' stiet <\/td><td class=\"column-6\"><\/td>\n<\/tr>\n<\/tbody>\n<\/table>\n\n","protected":false},"excerpt":{"rendered":"<p>Verleende dispensaties In de ledenvergaderingen van 2016 zijn een aantal originaliteitseisen gewijzigd. Pramen die (nog) niet voldoen aan deze eisen kunnen dispensatie aanvragen bij het bestuur. Hieronder een overzicht van alle verleende en nog niet verlopen dispensaties.<\/p>\n","protected":false},"author":3501,"featured_media":0,"parent":0,"menu_order":0,"comment_status":"closed","ping_status":"closed","template":"","meta":{"_exactmetrics_skip_tracking":false,"_exactmetrics_sitenote_active":false,"_exactmetrics_sitenote_note":"","_exactmetrics_sitenote_category":0,"footnotes":""},"class_list":["post-526","page","type-page","status-publish","hentry"],"_links":{"self":[{"href":"https:\/\/www.defryskeboerepream.nl\/index.php?rest_route=\/wp\/v2\/pages\/526","targetHints":{"allow":["GET"]}}],"collection":[{"href":"https:\/\/www.defryskeboerepream.nl\/index.php?rest_route=\/wp\/v2\/pages"}],"about":[{"href":"https:\/\/www.defryskeboerepream.nl\/index.php?rest_route=\/wp\/v2\/types\/page"}],"author":[{"embeddable":true,"href":"https:\/\/www.defryskeboerepream.nl\/index.php?rest_route=\/wp\/v2\/users\/3501"}],"replies":[{"embeddable":true,"href":"https:\/\/www.defryskeboerepream.nl\/index.php?rest_route=%2Fwp%2Fv2%2Fcomments&post=526"}],"version-history":[{"count":2,"href":"https:\/\/www.defryskeboerepream.nl\/index.php?rest_route=\/wp\/v2\/pages\/526\/revisions"}],"predecessor-version":[{"id":531,"href":"https:\/\/www.defryskeboerepream.nl\/index.php?rest_route=\/wp\/v2\/pages\/526\/revisions\/531"}],"wp:attachment":[{"href":"https:\/\/www.defryskeboerepream.nl\/index.php?rest_route=%2Fwp%2Fv2%2Fmedia&parent=526"}],"curies":[{"name":"wp","href":"https:\/\/api.w.org\/{rel}","templated":true}]}}